{"id":180,"date":"2025-03-18T10:02:24","date_gmt":"2025-03-18T10:02:24","guid":{"rendered":"https:\/\/well-intel.com\/digitalise-ta-pme\/?page_id=180"},"modified":"2025-10-08T15:23:55","modified_gmt":"2025-10-08T15:23:55","slug":"accueil","status":"publish","type":"page","link":"https:\/\/staging.digitalisetapme.fr\/","title":{"rendered":"Accueil"},"content":{"rendered":"<p>[et_pb_section fb_built=\u00a0\u00bb1&Prime; admin_label=\u00a0\u00bbHeader\u00a0\u00bb _builder_version=\u00a0\u00bb4.27.4&Prime; _module_preset=\u00a0\u00bbdefault\u00a0\u00bb custom_margin=\u00a0\u00bb0px||||false|false\u00a0\u00bb custom_padding=\u00a0\u00bb||||false|false\u00a0\u00bb hover_enabled=\u00a0\u00bb0&Prime; global_colors_info=\u00a0\u00bb{}\u00a0\u00bb sticky_enabled=\u00a0\u00bb0&Prime;][et_pb_row column_structure=\u00a0\u00bb1_2,1_2&Prime; _builder_version=\u00a0\u00bb4.27.4&Prime; _module_preset=\u00a0\u00bbdefault\u00a0\u00bb custom_margin=\u00a0\u00bb|auto||auto|false|false\u00a0\u00bb custom_margin_tablet=\u00a0\u00bb||0px||false|false\u00a0\u00bb custom_margin_phone=\u00a0\u00bb\u00a0\u00bb custom_margin_last_edited=\u00a0\u00bbon|phone\u00a0\u00bb global_colors_info=\u00a0\u00bb{}\u00a0\u00bb][et_pb_column type=\u00a0\u00bb1_2&Prime; _builder_version=\u00a0\u00bb4.16&Prime; _module_preset=\u00a0\u00bbdefault\u00a0\u00bb custom_padding=\u00a0\u00bb6%||||false|false\u00a0\u00bb global_colors_info=\u00a0\u00bb{}\u00a0\u00bb][et_pb_text _builder_version=\u00a0\u00bb4.27.4&Prime; _module_preset=\u00a0\u00bbdefault\u00a0\u00bb text_line_height=\u00a0\u00bb1.4em\u00a0\u00bb header_font=\u00a0\u00bbRozha One||||||||\u00a0\u00bb header_text_color=\u00a0\u00bb#000000&Prime; header_font_size=\u00a0\u00bb69px\u00a0\u00bb header_line_height=\u00a0\u00bb1.1em\u00a0\u00bb header_2_font=\u00a0\u00bbRoboto|700||on|||||\u00a0\u00bb header_2_text_color=\u00a0\u00bbrgba(44,44,44,0.5)\u00a0\u00bb header_2_font_size=\u00a0\u00bb12px\u00a0\u00bb header_2_letter_spacing=\u00a0\u00bb1px\u00a0\u00bb header_2_line_height=\u00a0\u00bb1.3em\u00a0\u00bb width=\u00a0\u00bb100%\u00a0\u00bb custom_margin=\u00a0\u00bb-50px||||false|false\u00a0\u00bb custom_padding=\u00a0\u00bb0px||0px|||\u00a0\u00bb text_font_size_tablet=\u00a0\u00bb\u00a0\u00bb text_font_size_phone=\u00a0\u00bb\u00a0\u00bb text_font_size_last_edited=\u00a0\u00bbon|desktop\u00a0\u00bb header_font_size_tablet=\u00a0\u00bb44px\u00a0\u00bb header_font_size_phone=\u00a0\u00bb32px\u00a0\u00bb header_font_size_last_edited=\u00a0\u00bbon|phone\u00a0\u00bb global_colors_info=\u00a0\u00bb{}\u00a0\u00bb]<\/p>\n<h2><\/h2>\n<h1>\u00a0 Arcade Cyber<\/h1>\n<h1 style=\"text-align: center;\">Le jeu de la Cybers\u00e9curit\u00e9<\/h1>\n<p>[\/et_pb_text][et_pb_text _builder_version=\u00a0\u00bb4.27.4&Prime; _module_preset=\u00a0\u00bbfb3d65bf-a8b3-4897-95f4-4b2325e4d896&Prime; text_font=\u00a0\u00bbComfortaa||||||||\u00a0\u00bb text_text_color=\u00a0\u00bb#000000&Prime; text_font_size=\u00a0\u00bb18px\u00a0\u00bb text_line_height=\u00a0\u00bb1.8em\u00a0\u00bb link_text_color=\u00a0\u00bb#003E51&Prime; custom_margin=\u00a0\u00bb||39px|||\u00a0\u00bb text_font_size_tablet=\u00a0\u00bb\u00a0\u00bb text_font_size_phone=\u00a0\u00bb\u00a0\u00bb text_font_size_last_edited=\u00a0\u00bbon|desktop\u00a0\u00bb global_colors_info=\u00a0\u00bb{}\u00a0\u00bb]<\/p>\n<p style=\"text-align: center;\"><em data-start=\"480\" data-end=\"545\">Jouez, apprenez et prot\u00e9gez votre entreprise des cyberattaques<\/em><\/p>\n<p style=\"text-align: center;\"><em data-start=\"480\" data-end=\"545\"><br \/>Monopolix transpose les d\u00e9fis de la cybers\u00e9curit\u00e9 dans un univers ludique.<br data-start=\"1108\" data-end=\"1111\" \/>Chaque joueur incarne une entreprise et doit investir, se prot\u00e9ger et affronter des attaques num\u00e9riques tout en pr\u00e9servant sa tr\u00e9sorerie et sa r\u00e9putation.<\/em><\/p>\n<p>[\/et_pb_text][\/et_pb_column][et_pb_column type=\u00a0\u00bb1_2&Prime; _builder_version=\u00a0\u00bb4.16&Prime; _module_preset=\u00a0\u00bbdefault\u00a0\u00bb global_colors_info=\u00a0\u00bb{}\u00a0\u00bb][et_pb_image src=\u00a0\u00bbhttps:\/\/staging.digitalisetapme.fr\/wp-content\/uploads\/2025\/10\/10083211.jpg\u00a0\u00bb title_text=\u00a0\u00bb10083211&Prime; _builder_version=\u00a0\u00bb4.27.4&Prime; _module_preset=\u00a0\u00bbdefault\u00a0\u00bb background_enable_image=\u00a0\u00bboff\u00a0\u00bb background_position=\u00a0\u00bbtop_right\u00a0\u00bb transform_rotate=\u00a0\u00bb10deg|349deg|15deg\u00a0\u00bb width=\u00a0\u00bb118.4%\u00a0\u00bb custom_margin=\u00a0\u00bb40px|-9vw|||false|false\u00a0\u00bb border_radii=\u00a0\u00bbon|25px|25px|25px|25px\u00a0\u00bb border_width_all=\u00a0\u00bb5px\u00a0\u00bb border_color_all=\u00a0\u00bb#7CDA24&Prime; global_colors_info=\u00a0\u00bb{}\u00a0\u00bb][\/et_pb_image][\/et_pb_column][\/et_pb_row][et_pb_row _builder_version=\u00a0\u00bb4.27.4&Prime; _module_preset=\u00a0\u00bbdefault\u00a0\u00bb global_colors_info=\u00a0\u00bb{}\u00a0\u00bb][et_pb_column type=\u00a0\u00bb4_4&Prime; _builder_version=\u00a0\u00bb4.27.4&Prime; _module_preset=\u00a0\u00bbdefault\u00a0\u00bb global_colors_info=\u00a0\u00bb{}\u00a0\u00bb][et_pb_divider _builder_version=\u00a0\u00bb4.27.4&Prime; _module_preset=\u00a0\u00bbdefault\u00a0\u00bb global_colors_info=\u00a0\u00bb{}\u00a0\u00bb][\/et_pb_divider][\/et_pb_column][\/et_pb_row][\/et_pb_section][et_pb_section fb_built=\u00a0\u00bb1&Prime; admin_label=\u00a0\u00bbFeature\u00a0\u00bb _builder_version=\u00a0\u00bb4.16&Prime; _module_preset=\u00a0\u00bbdefault\u00a0\u00bb custom_margin=\u00a0\u00bb27px|||||\u00a0\u00bb custom_padding=\u00a0\u00bb1vw||6px||false|false\u00a0\u00bb global_colors_info=\u00a0\u00bb{}\u00a0\u00bb][et_pb_row _builder_version=\u00a0\u00bb4.27.4&Prime; _module_preset=\u00a0\u00bbdefault\u00a0\u00bb custom_padding=\u00a0\u00bb3px|||||\u00a0\u00bb global_colors_info=\u00a0\u00bb{}\u00a0\u00bb][et_pb_column type=\u00a0\u00bb4_4&Prime; _builder_version=\u00a0\u00bb4.27.4&Prime; _module_preset=\u00a0\u00bbdefault\u00a0\u00bb global_colors_info=\u00a0\u00bb{}\u00a0\u00bb][et_pb_heading title=\u00a0\u00bbPourquoi jouer ?\u00a0\u00bb _builder_version=\u00a0\u00bb4.27.4&Prime; _module_preset=\u00a0\u00bbdefault\u00a0\u00bb title_font=\u00a0\u00bbABeeZee||||||||\u00a0\u00bb title_text_align=\u00a0\u00bbcenter\u00a0\u00bb title_text_color=\u00a0\u00bb#f400b7&Prime; title_font_size=\u00a0\u00bb50px\u00a0\u00bb custom_padding=\u00a0\u00bb1px|||||\u00a0\u00bb title_text_shadow_style=\u00a0\u00bbpreset1&Prime; global_colors_info=\u00a0\u00bb{}\u00a0\u00bb][\/et_pb_heading][\/et_pb_column][\/et_pb_row][et_pb_row column_structure=\u00a0\u00bb1_2,1_2&Prime; _builder_version=\u00a0\u00bb4.27.4&Prime; _module_preset=\u00a0\u00bbdefault\u00a0\u00bb custom_margin=\u00a0\u00bb20px||||false|false\u00a0\u00bb custom_padding=\u00a0\u00bb0px|||||\u00a0\u00bb locked=\u00a0\u00bboff\u00a0\u00bb global_colors_info=\u00a0\u00bb{}\u00a0\u00bb][et_pb_column type=\u00a0\u00bb1_2&Prime; _builder_version=\u00a0\u00bb4.16&Prime; _module_preset=\u00a0\u00bbdefault\u00a0\u00bb custom_padding=\u00a0\u00bb50px||||false|false\u00a0\u00bb global_colors_info=\u00a0\u00bb{}\u00a0\u00bb][et_pb_image src=\u00a0\u00bbhttps:\/\/staging.digitalisetapme.fr\/wp-content\/uploads\/2025\/10\/Capture-decran-2025-10-08-155322.jpg\u00a0\u00bb title_text=\u00a0\u00bbCapture d\u2019\u00e9cran 2025-10-08 155322&Prime; _builder_version=\u00a0\u00bb4.27.4&Prime; _module_preset=\u00a0\u00bbdefault\u00a0\u00bb min_height=\u00a0\u00bb320px\u00a0\u00bb height=\u00a0\u00bb334px\u00a0\u00bb custom_margin=\u00a0\u00bb-56px||0px|80px|false|false\u00a0\u00bb border_radii=\u00a0\u00bboff||NaNpx|NaNpx|\u00a0\u00bb global_colors_info=\u00a0\u00bb{}\u00a0\u00bb][\/et_pb_image][\/et_pb_column][et_pb_column type=\u00a0\u00bb1_2&Prime; _builder_version=\u00a0\u00bb4.16&Prime; _module_preset=\u00a0\u00bbdefault\u00a0\u00bb global_colors_info=\u00a0\u00bb{}\u00a0\u00bb][et_pb_toggle title=\u00a0\u00bbApprendre la cybers\u00e9curit\u00e9 en s\u2019amusant\u00a0\u00bb open_toggle_text_color=\u00a0\u00bb#000000&Prime; open_toggle_background_color=\u00a0\u00bb#1FE0BA\u00a0\u00bb closed_toggle_text_color=\u00a0\u00bb#000000&Prime; closed_toggle_background_color=\u00a0\u00bb#1FE0BA\u00a0\u00bb icon_color=\u00a0\u00bb#000000&Prime; _builder_version=\u00a0\u00bb4.27.4&Prime; _module_preset=\u00a0\u00bbdefault\u00a0\u00bb title_text_color=\u00a0\u00bb#000000&Prime; title_font=\u00a0\u00bbABeeZee||||||||\u00a0\u00bb title_font_size=\u00a0\u00bb20px\u00a0\u00bb closed_title_font=\u00a0\u00bbABeeZee||||||||\u00a0\u00bb body_text_color=\u00a0\u00bb#000000&Prime; text_orientation=\u00a0\u00bbleft\u00a0\u00bb hover_enabled=\u00a0\u00bb0&Prime; border_radii=\u00a0\u00bbon|50px|50px|50px|50px\u00a0\u00bb global_colors_info=\u00a0\u00bb{}\u00a0\u00bb sticky_enabled=\u00a0\u00bb0&Prime;]D\u00e9couvrir les menaces num\u00e9riques \u00e0 travers un jeu interactif et immersif.[\/et_pb_toggle][et_pb_toggle title=\u00a0\u00bbD\u00e9velopper ses r\u00e9flexes face aux attaques\u00a0\u00bb open_toggle_text_color=\u00a0\u00bb#000000&Prime; open_toggle_background_color=\u00a0\u00bb#C88BDA\u00a0\u00bb closed_toggle_text_color=\u00a0\u00bb#000000&Prime; closed_toggle_background_color=\u00a0\u00bb#f409e9&Prime; icon_color=\u00a0\u00bb#000000&Prime; _builder_version=\u00a0\u00bb4.27.4&Prime; _module_preset=\u00a0\u00bbdefault\u00a0\u00bb title_text_color=\u00a0\u00bb#000000&Prime; title_font=\u00a0\u00bbABeeZee||||||||\u00a0\u00bb title_font_size=\u00a0\u00bb20px\u00a0\u00bb closed_title_font=\u00a0\u00bbABeeZee||||||||\u00a0\u00bb body_text_color=\u00a0\u00bb#000000&Prime; text_orientation=\u00a0\u00bbleft\u00a0\u00bb hover_enabled=\u00a0\u00bb0&Prime; border_radii=\u00a0\u00bbon|50px|50px|50px|50px\u00a0\u00bb global_colors_info=\u00a0\u00bb{}\u00a0\u00bb sticky_enabled=\u00a0\u00bb0&Prime;]Exp\u00e9rimenter des sc\u00e9narios r\u00e9alistes pour mieux r\u00e9agir dans la vraie vie.[\/et_pb_toggle][et_pb_toggle title=\u00a0\u00bbRenforcer l\u2019esprit d\u2019\u00e9quipe et la strat\u00e9gie\u00a0\u00bb open_toggle_text_color=\u00a0\u00bb#000000&Prime; open_toggle_background_color=\u00a0\u00bb#B3B3B3&Prime; closed_toggle_text_color=\u00a0\u00bb#000000&Prime; closed_toggle_background_color=\u00a0\u00bb#B3B3B3&Prime; icon_color=\u00a0\u00bb#000000&Prime; _builder_version=\u00a0\u00bb4.27.4&Prime; _module_preset=\u00a0\u00bbdefault\u00a0\u00bb title_text_color=\u00a0\u00bb#000000&Prime; title_font=\u00a0\u00bbABeeZee||||||||\u00a0\u00bb title_font_size=\u00a0\u00bb20px\u00a0\u00bb closed_title_font=\u00a0\u00bbABeeZee||||||||\u00a0\u00bb body_text_color=\u00a0\u00bb#000000&Prime; text_orientation=\u00a0\u00bbleft\u00a0\u00bb hover_enabled=\u00a0\u00bb0&Prime; border_radii=\u00a0\u00bbon|50px|50px|50px|50px\u00a0\u00bb global_colors_info=\u00a0\u00bb{}\u00a0\u00bb sticky_enabled=\u00a0\u00bb0&Prime;]Un jeu id\u00e9al pour sensibiliser, coop\u00e9rer et prendre des d\u00e9cisions collectives.[\/et_pb_toggle][\/et_pb_column][\/et_pb_row][et_pb_row _builder_version=\u00a0\u00bb4.27.4&Prime; _module_preset=\u00a0\u00bbdefault\u00a0\u00bb global_colors_info=\u00a0\u00bb{}\u00a0\u00bb][et_pb_column type=\u00a0\u00bb4_4&Prime; _builder_version=\u00a0\u00bb4.27.4&Prime; _module_preset=\u00a0\u00bbdefault\u00a0\u00bb global_colors_info=\u00a0\u00bb{}\u00a0\u00bb][et_pb_divider _builder_version=\u00a0\u00bb4.27.4&Prime; _module_preset=\u00a0\u00bbdefault\u00a0\u00bb global_colors_info=\u00a0\u00bb{}\u00a0\u00bb][\/et_pb_divider][\/et_pb_column][\/et_pb_row][\/et_pb_section][et_pb_section fb_built=\u00a0\u00bb1&Prime; admin_label=\u00a0\u00bbFeature\u00a0\u00bb _builder_version=\u00a0\u00bb4.16&Prime; _module_preset=\u00a0\u00bbdefault\u00a0\u00bb custom_margin=\u00a0\u00bb27px|||||\u00a0\u00bb custom_padding=\u00a0\u00bb1vw||6px||false|false\u00a0\u00bb global_colors_info=\u00a0\u00bb{}\u00a0\u00bb][et_pb_row _builder_version=\u00a0\u00bb4.27.4&Prime; _module_preset=\u00a0\u00bbdefault\u00a0\u00bb global_colors_info=\u00a0\u00bb{}\u00a0\u00bb][et_pb_column type=\u00a0\u00bb4_4&Prime; _builder_version=\u00a0\u00bb4.27.4&Prime; _module_preset=\u00a0\u00bbdefault\u00a0\u00bb global_colors_info=\u00a0\u00bb{}\u00a0\u00bb][et_pb_divider _builder_version=\u00a0\u00bb4.27.4&Prime; _module_preset=\u00a0\u00bbdefault\u00a0\u00bb global_colors_info=\u00a0\u00bb{}\u00a0\u00bb][\/et_pb_divider][\/et_pb_column][\/et_pb_row][et_pb_row _builder_version=\u00a0\u00bb4.27.4&Prime; _module_preset=\u00a0\u00bbdefault\u00a0\u00bb custom_padding=\u00a0\u00bb3px|||||\u00a0\u00bb global_colors_info=\u00a0\u00bb{}\u00a0\u00bb][et_pb_column type=\u00a0\u00bb4_4&Prime; _builder_version=\u00a0\u00bb4.27.4&Prime; _module_preset=\u00a0\u00bbdefault\u00a0\u00bb global_colors_info=\u00a0\u00bb{}\u00a0\u00bb][et_pb_heading title=\u00a0\u00bbFonctionnalit\u00e9s cl\u00e9s\u00a0\u00bb _builder_version=\u00a0\u00bb4.27.4&Prime; _module_preset=\u00a0\u00bbdefault\u00a0\u00bb title_font=\u00a0\u00bbABeeZee||||||||\u00a0\u00bb title_text_align=\u00a0\u00bbcenter\u00a0\u00bb title_text_color=\u00a0\u00bb#0C71C3&Prime; title_font_size=\u00a0\u00bb50px\u00a0\u00bb custom_padding=\u00a0\u00bb1px|||||\u00a0\u00bb title_text_shadow_style=\u00a0\u00bbpreset1&Prime; global_colors_info=\u00a0\u00bb{}\u00a0\u00bb][\/et_pb_heading][\/et_pb_column][\/et_pb_row][et_pb_row column_structure=\u00a0\u00bb1_2,1_2&Prime; _builder_version=\u00a0\u00bb4.27.4&Prime; _module_preset=\u00a0\u00bbdefault\u00a0\u00bb custom_margin=\u00a0\u00bb20px||||false|false\u00a0\u00bb custom_padding=\u00a0\u00bb0px||0px|||\u00a0\u00bb locked=\u00a0\u00bboff\u00a0\u00bb global_colors_info=\u00a0\u00bb{}\u00a0\u00bb][et_pb_column type=\u00a0\u00bb1_2&Prime; _builder_version=\u00a0\u00bb4.16&Prime; _module_preset=\u00a0\u00bbdefault\u00a0\u00bb custom_padding=\u00a0\u00bb50px||||false|false\u00a0\u00bb global_colors_info=\u00a0\u00bb{}\u00a0\u00bb][et_pb_toggle title=\u00a0\u00bbPlateau digital 3D\u00a0\u00bb open_toggle_text_color=\u00a0\u00bb#000000&Prime; open_toggle_background_color=\u00a0\u00bb#1FE0BA\u00a0\u00bb closed_toggle_text_color=\u00a0\u00bb#000000&Prime; closed_toggle_background_color=\u00a0\u00bb#1FE0BA\u00a0\u00bb icon_color=\u00a0\u00bb#000000&Prime; _builder_version=\u00a0\u00bb4.27.4&Prime; _module_preset=\u00a0\u00bbdefault\u00a0\u00bb title_text_color=\u00a0\u00bb#000000&Prime; title_font=\u00a0\u00bbABeeZee||||||||\u00a0\u00bb title_font_size=\u00a0\u00bb20px\u00a0\u00bb closed_title_font=\u00a0\u00bbABeeZee||||||||\u00a0\u00bb body_text_color=\u00a0\u00bb#000000&Prime; background_color=\u00a0\u00bb#0C71C3&Prime; text_orientation=\u00a0\u00bbleft\u00a0\u00bb hover_enabled=\u00a0\u00bb0&Prime; border_radii=\u00a0\u00bbon|50px|50px|50px|50px\u00a0\u00bb global_colors_info=\u00a0\u00bb{}\u00a0\u00bb open=\u00a0\u00bbon\u00a0\u00bb sticky_enabled=\u00a0\u00bb0&Prime;]Un plateau immersif en 3D qui modernise l\u2019exp\u00e9rience classique du Monopoly et plonge les joueurs dans l\u2019univers de la cybers\u00e9curit\u00e9.[\/et_pb_toggle][et_pb_toggle title=\u00a0\u00bbLancers de d\u00e9s anim\u00e9s\u00a0\u00bb open_toggle_text_color=\u00a0\u00bb#000000&Prime; open_toggle_background_color=\u00a0\u00bb#C88BDA\u00a0\u00bb closed_toggle_text_color=\u00a0\u00bb#000000&Prime; closed_toggle_background_color=\u00a0\u00bb#f409e9&Prime; icon_color=\u00a0\u00bb#000000&Prime; _builder_version=\u00a0\u00bb4.27.4&Prime; _module_preset=\u00a0\u00bbdefault\u00a0\u00bb title_text_color=\u00a0\u00bb#000000&Prime; title_font=\u00a0\u00bbABeeZee||||||||\u00a0\u00bb title_font_size=\u00a0\u00bb20px\u00a0\u00bb closed_title_font=\u00a0\u00bbABeeZee||||||||\u00a0\u00bb body_text_color=\u00a0\u00bb#000000&Prime; text_orientation=\u00a0\u00bbleft\u00a0\u00bb hover_enabled=\u00a0\u00bb0&Prime; border_radii=\u00a0\u00bbon|50px|50px|50px|50px\u00a0\u00bb global_colors_info=\u00a0\u00bb{}\u00a0\u00bb sticky_enabled=\u00a0\u00bb0&Prime;]Chaque lancer de d\u00e9s est une animation dynamique qui ajoute suspense et r\u00e9alisme \u00e0 chaque tour de jeu.[\/et_pb_toggle][et_pb_toggle title=\u00a0\u00bb\u00c9quipements \u00e0 acheter (MFA, sauvegardes, firewall, etc.)\u00a0\u00bb open_toggle_text_color=\u00a0\u00bb#000000&Prime; open_toggle_background_color=\u00a0\u00bb#B3B3B3&Prime; closed_toggle_text_color=\u00a0\u00bb#000000&Prime; closed_toggle_background_color=\u00a0\u00bb#0C71C3&Prime; icon_color=\u00a0\u00bb#000000&Prime; _builder_version=\u00a0\u00bb4.27.4&Prime; _module_preset=\u00a0\u00bbdefault\u00a0\u00bb title_text_color=\u00a0\u00bb#000000&Prime; title_font=\u00a0\u00bbABeeZee||||||||\u00a0\u00bb title_font_size=\u00a0\u00bb20px\u00a0\u00bb closed_title_font=\u00a0\u00bbABeeZee||||||||\u00a0\u00bb body_text_color=\u00a0\u00bb#000000&Prime; text_orientation=\u00a0\u00bbleft\u00a0\u00bb hover_enabled=\u00a0\u00bb0&Prime; border_radii=\u00a0\u00bbon|50px|50px|50px|50px\u00a0\u00bb global_colors_info=\u00a0\u00bb{}\u00a0\u00bb sticky_enabled=\u00a0\u00bb0&Prime;]<\/p>\n<p>Achetez et g\u00e9rez vos protections : MFA, sauvegardes, pare-feu, antivirus\u2026<br \/>Vos choix d\u00e9terminent votre r\u00e9sistance aux cyberattaques.<\/p>\n<p>[\/et_pb_toggle][et_pb_toggle title=\u00a0\u00bbAl\u00e9as r\u00e9alistes inspir\u00e9s de cyberattaques\u00a0\u00bb open_toggle_text_color=\u00a0\u00bb#000000&Prime; open_toggle_background_color=\u00a0\u00bb#0aa849&Prime; closed_toggle_text_color=\u00a0\u00bb#000000&Prime; closed_toggle_background_color=\u00a0\u00bb#EDF000&Prime; icon_color=\u00a0\u00bbRGBA(255,255,255,0)\u00a0\u00bb _builder_version=\u00a0\u00bb4.27.4&Prime; _module_preset=\u00a0\u00bbdefault\u00a0\u00bb title_text_color=\u00a0\u00bb#000000&Prime; title_font=\u00a0\u00bbABeeZee||||||||\u00a0\u00bb title_font_size=\u00a0\u00bb20px\u00a0\u00bb closed_title_font=\u00a0\u00bbABeeZee||||||||\u00a0\u00bb body_text_color=\u00a0\u00bb#000000&Prime; text_orientation=\u00a0\u00bbleft\u00a0\u00bb hover_enabled=\u00a0\u00bb0&Prime; border_radii=\u00a0\u00bbon|50px|50px|50px|50px\u00a0\u00bb global_colors_info=\u00a0\u00bb{}\u00a0\u00bb sticky_enabled=\u00a0\u00bb0&Prime;]Inspir\u00e9s de v\u00e9ritables incidents num\u00e9riques : phishing, ransomware, attaques DDoS\u2026<br \/>\nIls surviennent de mani\u00e8re impr\u00e9visible et mettent votre strat\u00e9gie \u00e0 l\u2019\u00e9preuve.[\/et_pb_toggle][et_pb_toggle title=\u00a0\u00bbModes de jeu : FAIR (\u00e9quilibr\u00e9) et Challenge (expert)\u00a0\u00bb open_toggle_text_color=\u00a0\u00bb#000000&Prime; open_toggle_background_color=\u00a0\u00bb#B3B3B3&Prime; closed_toggle_text_color=\u00a0\u00bb#000000&Prime; closed_toggle_background_color=\u00a0\u00bb#66c621&Prime; icon_color=\u00a0\u00bb#000000&Prime; _builder_version=\u00a0\u00bb4.27.4&Prime; _module_preset=\u00a0\u00bbdefault\u00a0\u00bb title_text_color=\u00a0\u00bb#000000&Prime; title_font=\u00a0\u00bbABeeZee||||||||\u00a0\u00bb title_font_size=\u00a0\u00bb20px\u00a0\u00bb closed_title_font=\u00a0\u00bbABeeZee||||||||\u00a0\u00bb body_text_color=\u00a0\u00bb#000000&Prime; text_orientation=\u00a0\u00bbleft\u00a0\u00bb hover_enabled=\u00a0\u00bb0&Prime; border_radii=\u00a0\u00bbon|50px|50px|50px|50px\u00a0\u00bb global_colors_info=\u00a0\u00bb{}\u00a0\u00bb sticky_enabled=\u00a0\u00bb0&Prime;]FAIR : une partie \u00e9quilibr\u00e9e pour apprendre en s\u2019amusant.<\/p>\n<p>Challenge : un mode expert o\u00f9 les cybermenaces sont plus intenses et la gestion des ressources cruciale.[\/et_pb_toggle][et_pb_toggle title=\u00a0\u00bbScoreboard et suivi de r\u00e9putation\u00a0\u00bb open_toggle_text_color=\u00a0\u00bb#000000&Prime; open_toggle_background_color=\u00a0\u00bb#B3B3B3&Prime; closed_toggle_text_color=\u00a0\u00bb#000000&Prime; closed_toggle_background_color=\u00a0\u00bb#E09900&Prime; icon_color=\u00a0\u00bb#000000&Prime; _builder_version=\u00a0\u00bb4.27.4&Prime; _module_preset=\u00a0\u00bbdefault\u00a0\u00bb title_text_color=\u00a0\u00bb#000000&Prime; title_font=\u00a0\u00bbABeeZee||||||||\u00a0\u00bb title_font_size=\u00a0\u00bb20px\u00a0\u00bb closed_title_font=\u00a0\u00bbABeeZee||||||||\u00a0\u00bb body_text_color=\u00a0\u00bb#000000&Prime; text_orientation=\u00a0\u00bbleft\u00a0\u00bb hover_enabled=\u00a0\u00bb0&Prime; border_radii=\u00a0\u00bbon|50px|50px|50px|50px\u00a0\u00bb global_colors_info=\u00a0\u00bb{}\u00a0\u00bb sticky_enabled=\u00a0\u00bb0&Prime;]Surveillez vos finances et votre r\u00e9putation.<br \/>\nLe vainqueur n\u2019est pas seulement le plus riche, mais celui qui a su b\u00e2tir une d\u00e9fense solide et cr\u00e9dible.[\/et_pb_toggle][\/et_pb_column][et_pb_column type=\u00a0\u00bb1_2&Prime; _builder_version=\u00a0\u00bb4.16&Prime; _module_preset=\u00a0\u00bbdefault\u00a0\u00bb global_colors_info=\u00a0\u00bb{}\u00a0\u00bb][et_pb_image src=\u00a0\u00bbhttps:\/\/staging.digitalisetapme.fr\/wp-content\/uploads\/2025\/10\/un-trousseau-de-cles-colorees-scaled.jpg\u00a0\u00bb title_text=\u00a0\u00bbA bunch of colorful keys\u00a0\u00bb _builder_version=\u00a0\u00bb4.27.4&Prime; _module_preset=\u00a0\u00bbdefault\u00a0\u00bb min_height=\u00a0\u00bb687px\u00a0\u00bb height=\u00a0\u00bb710px\u00a0\u00bb custom_margin=\u00a0\u00bb||0px|80px|false|false\u00a0\u00bb border_radii=\u00a0\u00bboff||NaNpx|NaNpx|\u00a0\u00bb global_colors_info=\u00a0\u00bb{}\u00a0\u00bb][\/et_pb_image][\/et_pb_column][\/et_pb_row][et_pb_row _builder_version=\u00a0\u00bb4.27.4&Prime; _module_preset=\u00a0\u00bbdefault\u00a0\u00bb global_colors_info=\u00a0\u00bb{}\u00a0\u00bb][et_pb_column type=\u00a0\u00bb4_4&Prime; _builder_version=\u00a0\u00bb4.27.4&Prime; _module_preset=\u00a0\u00bbdefault\u00a0\u00bb global_colors_info=\u00a0\u00bb{}\u00a0\u00bb][et_pb_button button_url=\u00a0\u00bbhttps:\/\/staging.digitalisetapme.fr\/?page_id=769&Prime; url_new_window=\u00a0\u00bbon\u00a0\u00bb button_text=\u00a0\u00bb \u25b6 Commencer le jeu\u00a0\u00bb button_alignment=\u00a0\u00bbcenter\u00a0\u00bb _builder_version=\u00a0\u00bb4.27.4&Prime; _module_preset=\u00a0\u00bbdefault\u00a0\u00bb custom_button=\u00a0\u00bbon\u00a0\u00bb button_text_size=\u00a0\u00bb23px\u00a0\u00bb button_text_color=\u00a0\u00bb#000000&Prime; button_bg_color=\u00a0\u00bb#0ddddd\u00a0\u00bb button_border_width=\u00a0\u00bb2px\u00a0\u00bb button_border_radius=\u00a0\u00bb48px\u00a0\u00bb button_text_shadow_style=\u00a0\u00bbpreset2&Prime; global_colors_info=\u00a0\u00bb{}\u00a0\u00bb][\/et_pb_button][\/et_pb_column][\/et_pb_row][et_pb_row _builder_version=\u00a0\u00bb4.27.4&Prime; _module_preset=\u00a0\u00bbdefault\u00a0\u00bb global_colors_info=\u00a0\u00bb{}\u00a0\u00bb][et_pb_column type=\u00a0\u00bb4_4&Prime; _builder_version=\u00a0\u00bb4.27.4&Prime; _module_preset=\u00a0\u00bbdefault\u00a0\u00bb global_colors_info=\u00a0\u00bb{}\u00a0\u00bb][et_pb_divider _builder_version=\u00a0\u00bb4.27.4&Prime; _module_preset=\u00a0\u00bbdefault\u00a0\u00bb global_colors_info=\u00a0\u00bb{}\u00a0\u00bb][\/et_pb_divider][\/et_pb_column][\/et_pb_row][\/et_pb_section]<\/p>\n","protected":false},"excerpt":{"rendered":"<p>\u00a0 Arcade Cyber Le jeu de la Cybers\u00e9curit\u00e9Jouez, apprenez et prot\u00e9gez votre entreprise des cyberattaques Monopolix transpose les d\u00e9fis de la cybers\u00e9curit\u00e9 dans un univers ludique.Chaque joueur incarne une entreprise et doit investir, se prot\u00e9ger et affronter des attaques num\u00e9riques tout en pr\u00e9servant sa tr\u00e9sorerie et sa r\u00e9putation.D\u00e9couvrir les menaces num\u00e9riques \u00e0 travers un jeu [&hellip;]<\/p>\n","protected":false},"author":1,"featured_media":0,"parent":0,"menu_order":0,"comment_status":"closed","ping_status":"closed","template":"","meta":{"_et_pb_use_builder":"on","_et_pb_old_content":"<!-- wp:divi\/placeholder \/-->","_et_gb_content_width":"","footnotes":""},"class_list":["post-180","page","type-page","status-publish","hentry"],"aioseo_notices":[],"_links":{"self":[{"href":"https:\/\/staging.digitalisetapme.fr\/index.php\/wp-json\/wp\/v2\/pages\/180","targetHints":{"allow":["GET"]}}],"collection":[{"href":"https:\/\/staging.digitalisetapme.fr\/index.php\/wp-json\/wp\/v2\/pages"}],"about":[{"href":"https:\/\/staging.digitalisetapme.fr\/index.php\/wp-json\/wp\/v2\/types\/page"}],"author":[{"embeddable":true,"href":"https:\/\/staging.digitalisetapme.fr\/index.php\/wp-json\/wp\/v2\/users\/1"}],"replies":[{"embeddable":true,"href":"https:\/\/staging.digitalisetapme.fr\/index.php\/wp-json\/wp\/v2\/comments?post=180"}],"version-history":[{"count":110,"href":"https:\/\/staging.digitalisetapme.fr\/index.php\/wp-json\/wp\/v2\/pages\/180\/revisions"}],"predecessor-version":[{"id":790,"href":"https:\/\/staging.digitalisetapme.fr\/index.php\/wp-json\/wp\/v2\/pages\/180\/revisions\/790"}],"wp:attachment":[{"href":"https:\/\/staging.digitalisetapme.fr\/index.php\/wp-json\/wp\/v2\/media?parent=180"}],"curies":[{"name":"wp","href":"https:\/\/api.w.org\/{rel}","templated":true}]}}